{"id":49949,"date":"2021-04-17T12:47:47","date_gmt":"2021-04-17T04:47:47","guid":{"rendered":"https:\/\/www.tm-robot.com\/aktuelle-nachrichten\/"},"modified":"2022-09-07T14:19:19","modified_gmt":"2022-09-07T06:19:19","slug":"aktuelle-nachrichten","status":"publish","type":"page","link":"https:\/\/www.tm-robot.com.cn\/de\/aktuelle-nachrichten\/","title":{"rendered":"Aktuelle Nachrichten"},"content":{"rendered":"\t\t<div data-elementor-type=\"wp-page\" data-elementor-id=\"49949\" class=\"elementor elementor-49949 elementor-43282\">\n\t\t\t\t\t\t\t\t\t<section class=\"elementor-section elementor-top-section elementor-element elementor-element-8d0b03f elementor-section-boxed elementor-section-height-default elementor-section-height-default\" data-id=\"8d0b03f\" data-element_type=\"section\" data-settings=\"{&quot;background_background&quot;:&quot;classic&quot;}\">\n\t\t\t\t\t\t<div class=\"elementor-container elementor-column-gap-default\">\n\t\t\t\t\t<div class=\"elementor-column elementor-col-100 elementor-top-column elementor-element elementor-element-f4de6ba\" data-id=\"f4de6ba\" data-element_type=\"column\">\n\t\t\t<div class=\"elementor-widget-wrap elementor-element-populated\">\n\t\t\t\t\t\t\t\t<div class=\"elementor-element elementor-element-2b11ae7 elementor-widget elementor-widget-template\" data-id=\"2b11ae7\" data-element_type=\"widget\" data-widget_type=\"template.default\">\n\t\t\t\t<div class=\"elementor-widget-container\">\n\t\t\t\t\t<div class=\"elementor-template\">\n\t\t\t\t\t<div data-elementor-type=\"section\" data-elementor-id=\"67616\" class=\"elementor elementor-67616\">\n\t\t\t\t\t\t\t\t<section class=\"elementor-section elementor-top-section elementor-element elementor-element-8c7e8bc elementor-section-boxed elementor-section-height-default elementor-section-height-default\" data-id=\"8c7e8bc\" data-element_type=\"section\" data-settings=\"{&quot;background_background&quot;:&quot;classic&quot;}\">\n\t\t\t\t\t\t<div class=\"elementor-container elementor-column-gap-default\">\n\t\t\t\t\t<div class=\"elementor-column elementor-col-100 elementor-top-column elementor-element elementor-element-b9d7a16\" data-id=\"b9d7a16\" data-element_type=\"column\">\n\t\t\t<div class=\"elementor-widget-wrap elementor-element-populated\">\n\t\t\t\t\t\t\t\t<div class=\"elementor-element elementor-element-70356cc raven-nav-menu-stretch raven-breakpoint-mobile raven-nav-menu-align-left elementor-widget elementor-widget-raven-nav-menu\" data-id=\"70356cc\" data-element_type=\"widget\" data-settings=\"{&quot;submenu_icon&quot;:&quot;&lt;svg 0=\\&quot;fas fa-chevron-down\\&quot; class=\\&quot;e-font-icon-svg e-fas-chevron-down\\&quot;&gt;\\n\\t\\t\\t\\t\\t&lt;use xlink:href=\\&quot;#fas-chevron-down\\&quot;&gt;\\n\\t\\t\\t\\t\\t\\t&lt;symbol id=\\&quot;fas-chevron-down\\&quot; viewBox=\\&quot;0 0 448 512\\&quot;&gt;\\n\\t\\t\\t\\t\\t\\t\\t&lt;path d=\\&quot;M207.029 381.476L12.686 187.132c-9.373-9.373-9.373-24.569 0-33.941l22.667-22.667c9.357-9.357 24.522-9.375 33.901-.04L224 284.505l154.745-154.021c9.379-9.335 24.544-9.317 33.901.04l22.667 22.667c9.373 9.373 9.373 24.569 0 33.941L240.971 381.476c-9.373 9.372-24.569 9.372-33.942 0z\\&quot;&gt;&lt;\\\/path&gt;\\n\\t\\t\\t\\t\\t\\t&lt;\\\/symbol&gt;\\n\\t\\t\\t\\t\\t&lt;\\\/use&gt;\\n\\t\\t\\t\\t&lt;\\\/svg&gt;&quot;,&quot;full_width&quot;:&quot;stretch&quot;,&quot;mobile_layout&quot;:&quot;dropdown&quot;,&quot;submenu_space_between&quot;:{&quot;unit&quot;:&quot;px&quot;,&quot;size&quot;:&quot;&quot;,&quot;sizes&quot;:[]},&quot;submenu_opening_position&quot;:&quot;bottom&quot;}\" data-widget_type=\"raven-nav-menu.default\">\n\t\t\t\t<div class=\"elementor-widget-container\">\n\t\t\t\t\t<nav class=\"raven-nav-menu-main raven-nav-menu-horizontal raven-nav-menu-tablet- raven-nav-menu-mobile- raven-nav-icons-hidden-tablet raven-nav-icons-hidden-mobile\">\n\t\t\t<ul id=\"menu-70356cc\" class=\"raven-nav-menu\"><li class=\"menu-item menu-item-type-post_type menu-item-object-page menu-item-68680\"><a href=\"https:\/\/www.tm-robot.com.cn\/de\/account\/\" class=\"raven-menu-item raven-link-item \">Konto<\/a><\/li>\n<li class=\"menu-item menu-item-type-post_type menu-item-object-page menu-item-50828\"><a href=\"https:\/\/www.tm-robot.com.cn\/de\/aktuelle-nachrichten\/\" class=\"raven-menu-item raven-link-item \">Aktuelle Nachrichten<\/a><\/li>\n<\/ul>\t\t<\/nav>\n\n\t\t<div class=\"raven-nav-menu-toggle\">\n\n\t\t\t\t\t\t<div class=\"raven-nav-menu-toggle-button \">\n\t\t\t\t\t\t\t\t<span class=\"fa fa-bars\"><\/span>\n\t\t\t\t\t\t\t\t<\/div>\n\n\t\t<\/div>\n\t\t<nav class=\"raven-nav-icons-hidden-tablet raven-nav-icons-hidden-mobile raven-nav-menu-mobile raven-nav-menu-dropdown\">\n\t\t\t\t\t\t\t\t\t<div class=\"raven-container\">\n\t\t\t\t<ul id=\"menu-mobile-70356cc\" class=\"raven-nav-menu\"><li class=\"menu-item menu-item-type-post_type menu-item-object-page menu-item-68680\"><a href=\"https:\/\/www.tm-robot.com.cn\/de\/account\/\" class=\"raven-menu-item raven-link-item \">Konto<\/a><\/li>\n<li class=\"menu-item menu-item-type-post_type menu-item-object-page menu-item-50828\"><a href=\"https:\/\/www.tm-robot.com.cn\/de\/aktuelle-nachrichten\/\" class=\"raven-menu-item raven-link-item \">Aktuelle Nachrichten<\/a><\/li>\n<\/ul>\t\t\t<\/div>\n\t\t<\/nav>\n\t\t\t\t<\/div>\n\t\t\t\t<\/div>\n\t\t\t\t\t<\/div>\n\t\t<\/div>\n\t\t\t\t\t\t\t<\/div>\n\t\t<\/section>\n\t\t\t\t\t\t<\/div>\n\t\t\t\t<\/div>\n\t\t\t\t<\/div>\n\t\t\t\t<\/div>\n\t\t\t\t\t<\/div>\n\t\t<\/div>\n\t\t\t\t\t\t\t<\/div>\n\t\t<\/section>\n\t\t\t\t<section class=\"elementor-section elementor-top-section elementor-element elementor-element-32710988 elementor-section-boxed elementor-section-height-default elementor-section-height-default\" data-id=\"32710988\" data-element_type=\"section\">\n\t\t\t\t\t\t<div class=\"elementor-container elementor-column-gap-default\">\n\t\t\t\t\t<div class=\"elementor-column elementor-col-100 elementor-top-column elementor-element elementor-element-53537207\" data-id=\"53537207\" data-element_type=\"column\">\n\t\t\t<div class=\"elementor-widget-wrap elementor-element-populated\">\n\t\t\t\t\t\t\t\t<div class=\"elementor-element elementor-element-9472a38 elementor-widget elementor-widget-heading\" data-id=\"9472a38\" data-element_type=\"widget\" data-widget_type=\"heading.default\">\n\t\t\t\t<div class=\"elementor-widget-container\">\n\t\t\t<h2 class=\"elementor-heading-title elementor-size-default\">Aktuelle Nachrichten<\/h2>\t\t<\/div>\n\t\t\t\t<\/div>\n\t\t\t\t<div class=\"elementor-element elementor-element-ad07da8 elementor-widget elementor-widget-raven-divider\" data-id=\"ad07da8\" data-element_type=\"widget\" data-widget_type=\"raven-divider.default\">\n\t\t\t\t<div class=\"elementor-widget-container\">\n\t\t\t\t\t<div class=\"raven-widget-wrapper\">\n\t\t\t<div class=\"raven-divider\">\n\t\t\t\t<span class=\"raven-divider-line raven-divider-solid\"><\/span>\n\t\t\t<\/div>\n\t\t<\/div>\n\t\t\t\t<\/div>\n\t\t\t\t<\/div>\n\t\t\t\t<div class=\"elementor-element elementor-element-492e465 elementor-widget elementor-widget-heading\" data-id=\"492e465\" data-element_type=\"widget\" data-widget_type=\"heading.default\">\n\t\t\t\t<div class=\"elementor-widget-container\">\n\t\t\t<h2 class=\"elementor-heading-title elementor-size-default\">Kommende Veranstaltungen<\/h2>\t\t<\/div>\n\t\t\t\t<\/div>\n\t\t\t\t<div class=\"elementor-element elementor-element-aad3b56 elementor-grid-3 elementor-grid-tablet-2 elementor-grid-mobile-1 elementor-posts--thumbnail-top elementor-posts--show-avatar elementor-card-shadow-yes elementor-posts__hover-gradient elementor-widget elementor-widget-posts\" data-id=\"aad3b56\" data-element_type=\"widget\" data-settings=\"{&quot;cards_columns&quot;:&quot;3&quot;,&quot;cards_columns_tablet&quot;:&quot;2&quot;,&quot;cards_columns_mobile&quot;:&quot;1&quot;,&quot;cards_row_gap&quot;:{&quot;unit&quot;:&quot;px&quot;,&quot;size&quot;:35,&quot;sizes&quot;:[]},&quot;cards_row_gap_tablet&quot;:{&quot;unit&quot;:&quot;px&quot;,&quot;size&quot;:&quot;&quot;,&quot;sizes&quot;:[]},&quot;cards_row_gap_mobile&quot;:{&quot;unit&quot;:&quot;px&quot;,&quot;size&quot;:&quot;&quot;,&quot;sizes&quot;:[]}}\" data-widget_type=\"posts.cards\">\n\t\t\t\t<div class=\"elementor-widget-container\">\n\t\t\t\t\t<div class=\"elementor-posts-container elementor-posts elementor-posts--skin-cards elementor-grid\">\n\t\t\t\t<article class=\"elementor-post elementor-grid-item post-121568 global-events type-global-events status-publish hentry\">\n\t\t\t<div class=\"elementor-post__card\">\n\t\t\t\t<div class=\"elementor-post__text\">\n\t\t\t\t<h3 class=\"elementor-post__title\">\n\t\t\t<a href=\"https:\/\/www.tm-robot.com.cn\/de\/global-events\/metalex-2025\/\" >\n\t\t\t\tMetalex 2025\t\t\t<\/a>\n\t\t<\/h3>\n\t\t\t\t<div class=\"elementor-post__excerpt\">\n\t\t\t\t\t<\/div>\n\t\t\n\t\t<a class=\"elementor-post__read-more\" href=\"https:\/\/www.tm-robot.com.cn\/de\/global-events\/metalex-2025\/\" >\n\t\t\tRead More \u00bb\t\t<\/a>\n\n\t\t\t\t<\/div>\n\t\t\t\t\t<\/div>\n\t\t<\/article>\n\t\t\t\t<article class=\"elementor-post elementor-grid-item post-119192 global-events type-global-events status-publish hentry\">\n\t\t\t<div class=\"elementor-post__card\">\n\t\t\t\t<div class=\"elementor-post__text\">\n\t\t\t\t<h3 class=\"elementor-post__title\">\n\t\t\t<a href=\"https:\/\/www.tm-robot.com.cn\/de\/global-events\/medevice-silicon-valley-2025\/\" >\n\t\t\t\tMEDevice Silicon Valley 2025\t\t\t<\/a>\n\t\t<\/h3>\n\t\t\t\t<div class=\"elementor-post__excerpt\">\n\t\t\t\t\t<\/div>\n\t\t\n\t\t<a class=\"elementor-post__read-more\" href=\"https:\/\/www.tm-robot.com.cn\/de\/global-events\/medevice-silicon-valley-2025\/\" >\n\t\t\tRead More \u00bb\t\t<\/a>\n\n\t\t\t\t<\/div>\n\t\t\t\t\t<\/div>\n\t\t<\/article>\n\t\t\t\t<article class=\"elementor-post elementor-grid-item post-120313 global-events type-global-events status-publish hentry\">\n\t\t\t<div class=\"elementor-post__card\">\n\t\t\t\t<div class=\"elementor-post__text\">\n\t\t\t\t<h3 class=\"elementor-post__title\">\n\t\t\t<a href=\"https:\/\/www.tm-robot.com.cn\/de\/global-events\/smta-tijuana-tech-day-expo-2025\/\" >\n\t\t\t\tSMTA Tijuana Tech Day &#038; Expo 2025\t\t\t<\/a>\n\t\t<\/h3>\n\t\t\t\t<div class=\"elementor-post__excerpt\">\n\t\t\t\t\t<\/div>\n\t\t\n\t\t<a class=\"elementor-post__read-more\" href=\"https:\/\/www.tm-robot.com.cn\/de\/global-events\/smta-tijuana-tech-day-expo-2025\/\" >\n\t\t\tRead More \u00bb\t\t<\/a>\n\n\t\t\t\t<\/div>\n\t\t\t\t\t<\/div>\n\t\t<\/article>\n\t\t\t\t<article class=\"elementor-post elementor-grid-item post-119859 global-events type-global-events status-publish hentry\">\n\t\t\t<div class=\"elementor-post__card\">\n\t\t\t\t<div class=\"elementor-post__text\">\n\t\t\t\t<h3 class=\"elementor-post__title\">\n\t\t\t<a href=\"https:\/\/www.tm-robot.com.cn\/de\/global-events\/industrial-transformation-mexico-2025\/\" >\n\t\t\t\tIndustrial transformation Mexico 2025\t\t\t<\/a>\n\t\t<\/h3>\n\t\t\t\t<div class=\"elementor-post__excerpt\">\n\t\t\t\t\t<\/div>\n\t\t\n\t\t<a class=\"elementor-post__read-more\" href=\"https:\/\/www.tm-robot.com.cn\/de\/global-events\/industrial-transformation-mexico-2025\/\" >\n\t\t\tRead More \u00bb\t\t<\/a>\n\n\t\t\t\t<\/div>\n\t\t\t\t\t<\/div>\n\t\t<\/article>\n\t\t\t\t<article class=\"elementor-post elementor-grid-item post-130154 global-events type-global-events status-publish hentry\">\n\t\t\t<div class=\"elementor-post__card\">\n\t\t\t\t<div class=\"elementor-post__text\">\n\t\t\t\t<h3 class=\"elementor-post__title\">\n\t\t\t<a href=\"https:\/\/www.tm-robot.com.cn\/de\/global-events\/industrial-transformation-mexico-2025-2\/\" >\n\t\t\t\tIndustrial transformation Mexico 2025\t\t\t<\/a>\n\t\t<\/h3>\n\t\t\t\t<div class=\"elementor-post__excerpt\">\n\t\t\t\t\t<\/div>\n\t\t\n\t\t<a class=\"elementor-post__read-more\" href=\"https:\/\/www.tm-robot.com.cn\/de\/global-events\/industrial-transformation-mexico-2025-2\/\" >\n\t\t\tRead More \u00bb\t\t<\/a>\n\n\t\t\t\t<\/div>\n\t\t\t\t\t<\/div>\n\t\t<\/article>\n\t\t\t\t<article class=\"elementor-post elementor-grid-item post-132132 global-events type-global-events status-publish hentry\">\n\t\t\t<div class=\"elementor-post__card\">\n\t\t\t\t<div class=\"elementor-post__text\">\n\t\t\t\t<h3 class=\"elementor-post__title\">\n\t\t\t<a href=\"https:\/\/www.tm-robot.com.cn\/de\/global-events\/robot-world-2025-2\/\" >\n\t\t\t\tRobot World 2025\t\t\t<\/a>\n\t\t<\/h3>\n\t\t\t\t<div class=\"elementor-post__excerpt\">\n\t\t\t\t\t<\/div>\n\t\t\n\t\t<a class=\"elementor-post__read-more\" href=\"https:\/\/www.tm-robot.com.cn\/de\/global-events\/robot-world-2025-2\/\" >\n\t\t\tRead More \u00bb\t\t<\/a>\n\n\t\t\t\t<\/div>\n\t\t\t\t\t<\/div>\n\t\t<\/article>\n\t\t\t\t<\/div>\n\t\t\n\t\t\t\t<\/div>\n\t\t\t\t<\/div>\n\t\t\t\t\t<\/div>\n\t\t<\/div>\n\t\t\t\t\t\t\t<\/div>\n\t\t<\/section>\n\t\t\t\t<section class=\"elementor-section elementor-top-section elementor-element elementor-element-4f151cc4 elementor-section-boxed elementor-section-height-default elementor-section-height-default\" data-id=\"4f151cc4\" data-element_type=\"section\">\n\t\t\t\t\t\t<div class=\"elementor-container elementor-column-gap-default\">\n\t\t\t\t\t<div class=\"elementor-column elementor-col-100 elementor-top-column elementor-element elementor-element-74b7b7e9\" data-id=\"74b7b7e9\" data-element_type=\"column\">\n\t\t\t<div class=\"elementor-widget-wrap elementor-element-populated\">\n\t\t\t\t\t\t\t\t\t<\/div>\n\t\t<\/div>\n\t\t\t\t\t\t\t<\/div>\n\t\t<\/section>\n\t\t\t\t\t\t\t<\/div>\n\t\t","protected":false},"excerpt":{"rendered":"<p>Aktuelle Nachrichten Recruiting Distributors in Southeast Asia Read More Welcome to visit Techman Robot at Automatica 2022 Read More Techman Robot to Showcase Newly Upgraded TM Robot S at Automate 2022 Read More Techman Robot at the iREX 2022 &#8211; Warming up for the newly upgraded TM Robot S Read More Welcome to join Techman [&hellip;]<\/p>\n","protected":false},"author":1,"featured_media":0,"parent":0,"menu_order":0,"comment_status":"closed","ping_status":"closed","template":"","meta":[],"wf_page_folders":[3144],"acf":[],"yoast_head":"<!-- This site is optimized with the Yoast SEO plugin v16.9 - https:\/\/yoast.com\/wordpress\/plugins\/seo\/ -->\n<title>Aktuelle Nachrichten | Techman Robot<\/title>\n<meta name=\"description\" content=\"Der Partnerbereich von Techman Robot ist f\u00fcr unsere Vertriebspartner und Gesch\u00e4ftspartner zug\u00e4nglich. Bitte kontaktieren Sie Ihr Techman Robot Vertriebsb\u00fcro, wenn Sie keine Berechtigung haben.\" \/>\n<meta name=\"robots\" content=\"index, follow, max-snippet:-1, max-image-preview:large, max-video-preview:-1\" \/>\n<link rel=\"canonical\" href=\"https:\/\/www.tm-robot.com.cn\/de\/aktuelle-nachrichten\/\" \/>\n<meta property=\"og:locale\" content=\"de_DE\" \/>\n<meta property=\"og:type\" content=\"article\" \/>\n<meta property=\"og:title\" content=\"Aktuelle Nachrichten | Techman Robot\" \/>\n<meta property=\"og:description\" content=\"Der Partnerbereich von Techman Robot ist f\u00fcr unsere Vertriebspartner und Gesch\u00e4ftspartner zug\u00e4nglich. Bitte kontaktieren Sie Ihr Techman Robot Vertriebsb\u00fcro, wenn Sie keine Berechtigung haben.\" \/>\n<meta property=\"og:url\" content=\"https:\/\/www.tm-robot.com.cn\/de\/aktuelle-nachrichten\/\" \/>\n<meta property=\"og:site_name\" content=\"Techman Robot\" \/>\n<meta property=\"article:modified_time\" content=\"2022-09-07T06:19:19+00:00\" \/>\n<meta name=\"twitter:card\" content=\"summary_large_image\" \/>\n<script type=\"application\/ld+json\" class=\"yoast-schema-graph\">{\"@context\":\"https:\/\/schema.org\",\"@graph\":[{\"@type\":\"Organization\",\"@id\":\"https:\/\/www.tm-robot.com\/zh-hant\/#organization\",\"name\":\"Techman Robot\",\"url\":\"https:\/\/www.tm-robot.com\/zh-hant\/\",\"sameAs\":[],\"logo\":{\"@type\":\"ImageObject\",\"@id\":\"https:\/\/www.tm-robot.com\/zh-hant\/#logo\",\"inLanguage\":\"de-DE\",\"url\":\"https:\/\/tm-robot.oss-cn-hongkong.aliyuncs.com\/wp-content\/uploads\/2018\/09\/logo.png\",\"contentUrl\":\"https:\/\/tm-robot.oss-cn-hongkong.aliyuncs.com\/wp-content\/uploads\/2018\/09\/logo.png\",\"width\":221,\"height\":196,\"caption\":\"Techman Robot\"},\"image\":{\"@id\":\"https:\/\/www.tm-robot.com\/zh-hant\/#logo\"}},{\"@type\":\"WebSite\",\"@id\":\"https:\/\/www.tm-robot.com\/zh-hant\/#website\",\"url\":\"https:\/\/www.tm-robot.com\/zh-hant\/\",\"name\":\"Techman Robot\",\"description\":\"Intelligent Cobots for a World of Applications\",\"publisher\":{\"@id\":\"https:\/\/www.tm-robot.com\/zh-hant\/#organization\"},\"potentialAction\":[{\"@type\":\"SearchAction\",\"target\":{\"@type\":\"EntryPoint\",\"urlTemplate\":\"https:\/\/www.tm-robot.com\/zh-hant\/?s={search_term_string}\"},\"query-input\":\"required name=search_term_string\"}],\"inLanguage\":\"de-DE\"},{\"@type\":\"WebPage\",\"@id\":\"https:\/\/www.tm-robot.com.cn\/de\/aktuelle-nachrichten\/#webpage\",\"url\":\"https:\/\/www.tm-robot.com.cn\/de\/aktuelle-nachrichten\/\",\"name\":\"Aktuelle Nachrichten | Techman Robot\",\"isPartOf\":{\"@id\":\"https:\/\/www.tm-robot.com\/zh-hant\/#website\"},\"datePublished\":\"2021-04-17T04:47:47+00:00\",\"dateModified\":\"2022-09-07T06:19:19+00:00\",\"description\":\"Der Partnerbereich von Techman Robot ist f\\u00fcr unsere Vertriebspartner und Gesch\\u00e4ftspartner zug\\u00e4nglich. Bitte kontaktieren Sie Ihr Techman Robot Vertriebsb\\u00fcro, wenn Sie keine Berechtigung haben.\",\"breadcrumb\":{\"@id\":\"https:\/\/www.tm-robot.com.cn\/de\/aktuelle-nachrichten\/#breadcrumb\"},\"inLanguage\":\"de-DE\",\"potentialAction\":[{\"@type\":\"ReadAction\",\"target\":[\"https:\/\/www.tm-robot.com.cn\/de\/aktuelle-nachrichten\/\"]}]},{\"@type\":\"BreadcrumbList\",\"@id\":\"https:\/\/www.tm-robot.com.cn\/de\/aktuelle-nachrichten\/#breadcrumb\",\"itemListElement\":[{\"@type\":\"ListItem\",\"position\":1,\"name\":\"Home\",\"item\":\"https:\/\/www.tm-robot.com.cn\/de\/\"},{\"@type\":\"ListItem\",\"position\":2,\"name\":\"Aktuelle Nachrichten\"}]}]}<\/script>\n<!-- \/ Yoast SEO plugin. -->","yoast_head_json":{"title":"Aktuelle Nachrichten | Techman Robot","description":"Der Partnerbereich von Techman Robot ist f\u00fcr unsere Vertriebspartner und Gesch\u00e4ftspartner zug\u00e4nglich. Bitte kontaktieren Sie Ihr Techman Robot Vertriebsb\u00fcro, wenn Sie keine Berechtigung haben.","robots":{"index":"index","follow":"follow","max-snippet":"max-snippet:-1","max-image-preview":"max-image-preview:large","max-video-preview":"max-video-preview:-1"},"canonical":"https:\/\/www.tm-robot.com.cn\/de\/aktuelle-nachrichten\/","og_locale":"de_DE","og_type":"article","og_title":"Aktuelle Nachrichten | Techman Robot","og_description":"Der Partnerbereich von Techman Robot ist f\u00fcr unsere Vertriebspartner und Gesch\u00e4ftspartner zug\u00e4nglich. Bitte kontaktieren Sie Ihr Techman Robot Vertriebsb\u00fcro, wenn Sie keine Berechtigung haben.","og_url":"https:\/\/www.tm-robot.com.cn\/de\/aktuelle-nachrichten\/","og_site_name":"Techman Robot","article_modified_time":"2022-09-07T06:19:19+00:00","twitter_card":"summary_large_image","schema":{"@context":"https:\/\/schema.org","@graph":[{"@type":"Organization","@id":"https:\/\/www.tm-robot.com\/zh-hant\/#organization","name":"Techman Robot","url":"https:\/\/www.tm-robot.com\/zh-hant\/","sameAs":[],"logo":{"@type":"ImageObject","@id":"https:\/\/www.tm-robot.com\/zh-hant\/#logo","inLanguage":"de-DE","url":"https:\/\/tm-robot.oss-cn-hongkong.aliyuncs.com\/wp-content\/uploads\/2018\/09\/logo.png","contentUrl":"https:\/\/tm-robot.oss-cn-hongkong.aliyuncs.com\/wp-content\/uploads\/2018\/09\/logo.png","width":221,"height":196,"caption":"Techman Robot"},"image":{"@id":"https:\/\/www.tm-robot.com\/zh-hant\/#logo"}},{"@type":"WebSite","@id":"https:\/\/www.tm-robot.com\/zh-hant\/#website","url":"https:\/\/www.tm-robot.com\/zh-hant\/","name":"Techman Robot","description":"Intelligent Cobots for a World of Applications","publisher":{"@id":"https:\/\/www.tm-robot.com\/zh-hant\/#organization"},"potentialAction":[{"@type":"SearchAction","target":{"@type":"EntryPoint","urlTemplate":"https:\/\/www.tm-robot.com\/zh-hant\/?s={search_term_string}"},"query-input":"required name=search_term_string"}],"inLanguage":"de-DE"},{"@type":"WebPage","@id":"https:\/\/www.tm-robot.com.cn\/de\/aktuelle-nachrichten\/#webpage","url":"https:\/\/www.tm-robot.com.cn\/de\/aktuelle-nachrichten\/","name":"Aktuelle Nachrichten | Techman Robot","isPartOf":{"@id":"https:\/\/www.tm-robot.com\/zh-hant\/#website"},"datePublished":"2021-04-17T04:47:47+00:00","dateModified":"2022-09-07T06:19:19+00:00","description":"Der Partnerbereich von Techman Robot ist f\u00fcr unsere Vertriebspartner und Gesch\u00e4ftspartner zug\u00e4nglich. Bitte kontaktieren Sie Ihr Techman Robot Vertriebsb\u00fcro, wenn Sie keine Berechtigung haben.","breadcrumb":{"@id":"https:\/\/www.tm-robot.com.cn\/de\/aktuelle-nachrichten\/#breadcrumb"},"inLanguage":"de-DE","potentialAction":[{"@type":"ReadAction","target":["https:\/\/www.tm-robot.com.cn\/de\/aktuelle-nachrichten\/"]}]},{"@type":"BreadcrumbList","@id":"https:\/\/www.tm-robot.com.cn\/de\/aktuelle-nachrichten\/#breadcrumb","itemListElement":[{"@type":"ListItem","position":1,"name":"Home","item":"https:\/\/www.tm-robot.com.cn\/de\/"},{"@type":"ListItem","position":2,"name":"Aktuelle Nachrichten"}]}]}},"_links":{"self":[{"href":"https:\/\/www.tm-robot.com.cn\/de\/wp-json\/wp\/v2\/pages\/49949"}],"collection":[{"href":"https:\/\/www.tm-robot.com.cn\/de\/wp-json\/wp\/v2\/pages"}],"about":[{"href":"https:\/\/www.tm-robot.com.cn\/de\/wp-json\/wp\/v2\/types\/page"}],"author":[{"embeddable":true,"href":"https:\/\/www.tm-robot.com.cn\/de\/wp-json\/wp\/v2\/users\/1"}],"replies":[{"embeddable":true,"href":"https:\/\/www.tm-robot.com.cn\/de\/wp-json\/wp\/v2\/comments?post=49949"}],"version-history":[{"count":0,"href":"https:\/\/www.tm-robot.com.cn\/de\/wp-json\/wp\/v2\/pages\/49949\/revisions"}],"wp:attachment":[{"href":"https:\/\/www.tm-robot.com.cn\/de\/wp-json\/wp\/v2\/media?parent=49949"}],"wp:term":[{"taxonomy":"wf_page_folders","embeddable":true,"href":"https:\/\/www.tm-robot.com.cn\/de\/wp-json\/wp\/v2\/wf_page_folders?post=49949"}],"curies":[{"name":"wp","href":"https:\/\/api.w.org\/{rel}","templated":true}]}}