{"id":49940,"date":"2018-07-06T14:33:14","date_gmt":"2018-07-06T06:33:14","guid":{"rendered":"https:\/\/www.tm-robot.com\/partnerbereich\/"},"modified":"2022-09-07T14:08:45","modified_gmt":"2022-09-07T06:08:45","slug":"partnerbereich","status":"publish","type":"page","link":"https:\/\/www.tm-robot.com.cn\/de\/partnerbereich\/","title":{"rendered":"Partnerbereich"},"content":{"rendered":"\t\t<div data-elementor-type=\"wp-page\" data-elementor-id=\"49940\" class=\"elementor elementor-49940 elementor-5413\">\n\t\t\t\t\t\t\t\t\t<section class=\"elementor-section elementor-top-section elementor-element elementor-element-37e29b9 elementor-section-full_width elementor-section-height-default elementor-section-height-default\" data-id=\"37e29b9\" data-element_type=\"section\">\n\t\t\t\t\t\t<div class=\"elementor-container elementor-column-gap-default\">\n\t\t\t\t\t<div class=\"elementor-column elementor-col-100 elementor-top-column elementor-element elementor-element-013be14\" data-id=\"013be14\" data-element_type=\"column\">\n\t\t\t<div class=\"elementor-widget-wrap elementor-element-populated\">\n\t\t\t\t\t\t\t\t<div class=\"elementor-element elementor-element-6eb741b elementor-widget elementor-widget-template\" data-id=\"6eb741b\" data-element_type=\"widget\" data-widget_type=\"template.default\">\n\t\t\t\t<div class=\"elementor-widget-container\">\n\t\t\t\t\t<div class=\"elementor-template\">\n\t\t\t\t\t<div data-elementor-type=\"section\" data-elementor-id=\"67616\" class=\"elementor elementor-67616\">\n\t\t\t\t\t\t\t\t<section class=\"elementor-section elementor-top-section elementor-element elementor-element-8c7e8bc elementor-section-boxed elementor-section-height-default elementor-section-height-default\" data-id=\"8c7e8bc\" data-element_type=\"section\" data-settings=\"{&quot;background_background&quot;:&quot;classic&quot;}\">\n\t\t\t\t\t\t<div class=\"elementor-container elementor-column-gap-default\">\n\t\t\t\t\t<div class=\"elementor-column elementor-col-100 elementor-top-column elementor-element elementor-element-b9d7a16\" data-id=\"b9d7a16\" data-element_type=\"column\">\n\t\t\t<div class=\"elementor-widget-wrap elementor-element-populated\">\n\t\t\t\t\t\t\t\t<div class=\"elementor-element elementor-element-70356cc raven-nav-menu-stretch raven-breakpoint-mobile raven-nav-menu-align-left elementor-widget elementor-widget-raven-nav-menu\" data-id=\"70356cc\" data-element_type=\"widget\" data-settings=\"{&quot;submenu_icon&quot;:&quot;&lt;svg 0=\\&quot;fas fa-chevron-down\\&quot; class=\\&quot;e-font-icon-svg e-fas-chevron-down\\&quot;&gt;\\n\\t\\t\\t\\t\\t&lt;use xlink:href=\\&quot;#fas-chevron-down\\&quot;&gt;\\n\\t\\t\\t\\t\\t\\t&lt;symbol id=\\&quot;fas-chevron-down\\&quot; viewBox=\\&quot;0 0 448 512\\&quot;&gt;\\n\\t\\t\\t\\t\\t\\t\\t&lt;path d=\\&quot;M207.029 381.476L12.686 187.132c-9.373-9.373-9.373-24.569 0-33.941l22.667-22.667c9.357-9.357 24.522-9.375 33.901-.04L224 284.505l154.745-154.021c9.379-9.335 24.544-9.317 33.901.04l22.667 22.667c9.373 9.373 9.373 24.569 0 33.941L240.971 381.476c-9.373 9.372-24.569 9.372-33.942 0z\\&quot;&gt;&lt;\\\/path&gt;\\n\\t\\t\\t\\t\\t\\t&lt;\\\/symbol&gt;\\n\\t\\t\\t\\t\\t&lt;\\\/use&gt;\\n\\t\\t\\t\\t&lt;\\\/svg&gt;&quot;,&quot;full_width&quot;:&quot;stretch&quot;,&quot;mobile_layout&quot;:&quot;dropdown&quot;,&quot;submenu_space_between&quot;:{&quot;unit&quot;:&quot;px&quot;,&quot;size&quot;:&quot;&quot;,&quot;sizes&quot;:[]},&quot;submenu_opening_position&quot;:&quot;bottom&quot;}\" data-widget_type=\"raven-nav-menu.default\">\n\t\t\t\t<div class=\"elementor-widget-container\">\n\t\t\t\t\t<nav class=\"raven-nav-menu-main raven-nav-menu-horizontal raven-nav-menu-tablet- raven-nav-menu-mobile- raven-nav-icons-hidden-tablet raven-nav-icons-hidden-mobile\">\n\t\t\t<ul id=\"menu-70356cc\" class=\"raven-nav-menu\"><li class=\"menu-item menu-item-type-post_type menu-item-object-page menu-item-68680\"><a href=\"https:\/\/www.tm-robot.com.cn\/de\/account\/\" class=\"raven-menu-item raven-link-item \">Konto<\/a><\/li>\n<li class=\"menu-item menu-item-type-post_type menu-item-object-page menu-item-50828\"><a href=\"https:\/\/www.tm-robot.com.cn\/de\/aktuelle-nachrichten\/\" class=\"raven-menu-item raven-link-item \">Aktuelle Nachrichten<\/a><\/li>\n<\/ul>\t\t<\/nav>\n\n\t\t<div class=\"raven-nav-menu-toggle\">\n\n\t\t\t\t\t\t<div class=\"raven-nav-menu-toggle-button \">\n\t\t\t\t\t\t\t\t<span class=\"fa fa-bars\"><\/span>\n\t\t\t\t\t\t\t\t<\/div>\n\n\t\t<\/div>\n\t\t<nav class=\"raven-nav-icons-hidden-tablet raven-nav-icons-hidden-mobile raven-nav-menu-mobile raven-nav-menu-dropdown\">\n\t\t\t\t\t\t\t\t\t<div class=\"raven-container\">\n\t\t\t\t<ul id=\"menu-mobile-70356cc\" class=\"raven-nav-menu\"><li class=\"menu-item menu-item-type-post_type menu-item-object-page menu-item-68680\"><a href=\"https:\/\/www.tm-robot.com.cn\/de\/account\/\" class=\"raven-menu-item raven-link-item \">Konto<\/a><\/li>\n<li class=\"menu-item menu-item-type-post_type menu-item-object-page menu-item-50828\"><a href=\"https:\/\/www.tm-robot.com.cn\/de\/aktuelle-nachrichten\/\" class=\"raven-menu-item raven-link-item \">Aktuelle Nachrichten<\/a><\/li>\n<\/ul>\t\t\t<\/div>\n\t\t<\/nav>\n\t\t\t\t<\/div>\n\t\t\t\t<\/div>\n\t\t\t\t\t<\/div>\n\t\t<\/div>\n\t\t\t\t\t\t\t<\/div>\n\t\t<\/section>\n\t\t\t\t\t\t<\/div>\n\t\t\t\t<\/div>\n\t\t\t\t<\/div>\n\t\t\t\t<\/div>\n\t\t\t\t\t<\/div>\n\t\t<\/div>\n\t\t\t\t\t\t\t<\/div>\n\t\t<\/section>\n\t\t\t\t<section class=\"elementor-section elementor-top-section elementor-element elementor-element-75b39ef elementor-section-boxed elementor-section-height-default elementor-section-height-default\" data-id=\"75b39ef\" data-element_type=\"section\">\n\t\t\t\t\t\t<div class=\"elementor-container elementor-column-gap-default\">\n\t\t\t\t\t<div class=\"elementor-column elementor-col-100 elementor-top-column elementor-element elementor-element-aaa7e74\" data-id=\"aaa7e74\" data-element_type=\"column\">\n\t\t\t<div class=\"elementor-widget-wrap elementor-element-populated\">\n\t\t\t\t\t\t\t\t<div class=\"elementor-element elementor-element-8664491 elementor-widget elementor-widget-alert\" data-id=\"8664491\" data-element_type=\"widget\" data-widget_type=\"alert.default\">\n\t\t\t\t<div class=\"elementor-widget-container\">\n\t\t\t\t\t<div class=\"elementor-alert elementor-alert-info\" role=\"alert\">\n\t\t\t<span class=\"elementor-alert-title\">Annoucement<\/span>\n\t\t\t\t\t\t\t<span class=\"elementor-alert-description\">Coming soon\u2026<\/span>\n\t\t\t\t\t\t\t\t\t\t<button type=\"button\" class=\"elementor-alert-dismiss\">\n\t\t\t\t\t\t\t\t\t\t\t<span aria-hidden=\"true\">&times;<\/span>\n\t\t\t\t\t\t\t\t\t\t<span class=\"elementor-screen-only\">Warnung verwerfen<\/span>\n\t\t\t\t<\/button>\n\t\t\t\t\t<\/div>\n\t\t\t\t<\/div>\n\t\t\t\t<\/div>\n\t\t\t\t\t<\/div>\n\t\t<\/div>\n\t\t\t\t\t\t\t<\/div>\n\t\t<\/section>\n\t\t\t\t\t\t\t<\/div>\n\t\t","protected":false},"excerpt":{"rendered":"<p>Annoucement Coming soon\u2026 &times; Dismiss alert<\/p>\n","protected":false},"author":1,"featured_media":0,"parent":0,"menu_order":0,"comment_status":"closed","ping_status":"closed","template":"elementor_theme","meta":[],"wf_page_folders":[],"acf":[],"yoast_head":"<!-- This site is optimized with the Yoast SEO plugin v16.9 - https:\/\/yoast.com\/wordpress\/plugins\/seo\/ -->\n<title>Partnerbereich | Techman Robot<\/title>\n<meta name=\"description\" content=\"Der Partnerbereich von Techman Robot ist f\u00fcr unsere Vertriebspartner und Gesch\u00e4ftspartner zug\u00e4nglich. Bitte kontaktieren Sie Ihr Techman Robot Vertriebsb\u00fcro, wenn Sie keine Berechtigung haben.\" \/>\n<meta name=\"robots\" content=\"index, follow, max-snippet:-1, max-image-preview:large, max-video-preview:-1\" \/>\n<link rel=\"canonical\" href=\"https:\/\/www.tm-robot.com.cn\/de\/partnerbereich\/\" \/>\n<meta property=\"og:locale\" content=\"de_DE\" \/>\n<meta property=\"og:type\" content=\"article\" \/>\n<meta property=\"og:title\" content=\"Partnerbereich | Techman Robot\" \/>\n<meta property=\"og:description\" content=\"Der Partnerbereich von Techman Robot ist f\u00fcr unsere Vertriebspartner und Gesch\u00e4ftspartner zug\u00e4nglich. Bitte kontaktieren Sie Ihr Techman Robot Vertriebsb\u00fcro, wenn Sie keine Berechtigung haben.\" \/>\n<meta property=\"og:url\" content=\"https:\/\/www.tm-robot.com.cn\/de\/partnerbereich\/\" \/>\n<meta property=\"og:site_name\" content=\"Techman Robot\" \/>\n<meta property=\"article:modified_time\" content=\"2022-09-07T06:08:45+00:00\" \/>\n<meta name=\"twitter:card\" content=\"summary_large_image\" \/>\n<script type=\"application\/ld+json\" class=\"yoast-schema-graph\">{\"@context\":\"https:\/\/schema.org\",\"@graph\":[{\"@type\":\"Organization\",\"@id\":\"https:\/\/www.tm-robot.com.cn\/de\/#organization\",\"name\":\"Techman Robot\",\"url\":\"https:\/\/www.tm-robot.com.cn\/de\/\",\"sameAs\":[],\"logo\":{\"@type\":\"ImageObject\",\"@id\":\"https:\/\/www.tm-robot.com.cn\/de\/#logo\",\"inLanguage\":\"de-DE\",\"url\":\"https:\/\/tm-robot.oss-cn-hongkong.aliyuncs.com\/wp-content\/uploads\/2018\/09\/logo.png\",\"contentUrl\":\"https:\/\/tm-robot.oss-cn-hongkong.aliyuncs.com\/wp-content\/uploads\/2018\/09\/logo.png\",\"width\":221,\"height\":196,\"caption\":\"Techman Robot\"},\"image\":{\"@id\":\"https:\/\/www.tm-robot.com.cn\/de\/#logo\"}},{\"@type\":\"WebSite\",\"@id\":\"https:\/\/www.tm-robot.com.cn\/de\/#website\",\"url\":\"https:\/\/www.tm-robot.com.cn\/de\/\",\"name\":\"Techman Robot\",\"description\":\"Intelligent Cobots for a World of Applications\",\"publisher\":{\"@id\":\"https:\/\/www.tm-robot.com.cn\/de\/#organization\"},\"potentialAction\":[{\"@type\":\"SearchAction\",\"target\":{\"@type\":\"EntryPoint\",\"urlTemplate\":\"https:\/\/www.tm-robot.com.cn\/de\/?s={search_term_string}\"},\"query-input\":\"required name=search_term_string\"}],\"inLanguage\":\"de-DE\"},{\"@type\":\"WebPage\",\"@id\":\"https:\/\/www.tm-robot.com.cn\/de\/partnerbereich\/#webpage\",\"url\":\"https:\/\/www.tm-robot.com.cn\/de\/partnerbereich\/\",\"name\":\"Partnerbereich | Techman Robot\",\"isPartOf\":{\"@id\":\"https:\/\/www.tm-robot.com.cn\/de\/#website\"},\"datePublished\":\"2018-07-06T06:33:14+00:00\",\"dateModified\":\"2022-09-07T06:08:45+00:00\",\"description\":\"Der Partnerbereich von Techman Robot ist f\\u00fcr unsere Vertriebspartner und Gesch\\u00e4ftspartner zug\\u00e4nglich. Bitte kontaktieren Sie Ihr Techman Robot Vertriebsb\\u00fcro, wenn Sie keine Berechtigung haben.\",\"breadcrumb\":{\"@id\":\"https:\/\/www.tm-robot.com.cn\/de\/partnerbereich\/#breadcrumb\"},\"inLanguage\":\"de-DE\",\"potentialAction\":[{\"@type\":\"ReadAction\",\"target\":[\"https:\/\/www.tm-robot.com.cn\/de\/partnerbereich\/\"]}]},{\"@type\":\"BreadcrumbList\",\"@id\":\"https:\/\/www.tm-robot.com.cn\/de\/partnerbereich\/#breadcrumb\",\"itemListElement\":[{\"@type\":\"ListItem\",\"position\":1,\"name\":\"Home\",\"item\":\"https:\/\/www.tm-robot.com.cn\/de\/\"},{\"@type\":\"ListItem\",\"position\":2,\"name\":\"Partnerbereich\"}]}]}<\/script>\n<!-- \/ Yoast SEO plugin. -->","yoast_head_json":{"title":"Partnerbereich | Techman Robot","description":"Der Partnerbereich von Techman Robot ist f\u00fcr unsere Vertriebspartner und Gesch\u00e4ftspartner zug\u00e4nglich. Bitte kontaktieren Sie Ihr Techman Robot Vertriebsb\u00fcro, wenn Sie keine Berechtigung haben.","robots":{"index":"index","follow":"follow","max-snippet":"max-snippet:-1","max-image-preview":"max-image-preview:large","max-video-preview":"max-video-preview:-1"},"canonical":"https:\/\/www.tm-robot.com.cn\/de\/partnerbereich\/","og_locale":"de_DE","og_type":"article","og_title":"Partnerbereich | Techman Robot","og_description":"Der Partnerbereich von Techman Robot ist f\u00fcr unsere Vertriebspartner und Gesch\u00e4ftspartner zug\u00e4nglich. Bitte kontaktieren Sie Ihr Techman Robot Vertriebsb\u00fcro, wenn Sie keine Berechtigung haben.","og_url":"https:\/\/www.tm-robot.com.cn\/de\/partnerbereich\/","og_site_name":"Techman Robot","article_modified_time":"2022-09-07T06:08:45+00:00","twitter_card":"summary_large_image","schema":{"@context":"https:\/\/schema.org","@graph":[{"@type":"Organization","@id":"https:\/\/www.tm-robot.com.cn\/de\/#organization","name":"Techman Robot","url":"https:\/\/www.tm-robot.com.cn\/de\/","sameAs":[],"logo":{"@type":"ImageObject","@id":"https:\/\/www.tm-robot.com.cn\/de\/#logo","inLanguage":"de-DE","url":"https:\/\/tm-robot.oss-cn-hongkong.aliyuncs.com\/wp-content\/uploads\/2018\/09\/logo.png","contentUrl":"https:\/\/tm-robot.oss-cn-hongkong.aliyuncs.com\/wp-content\/uploads\/2018\/09\/logo.png","width":221,"height":196,"caption":"Techman Robot"},"image":{"@id":"https:\/\/www.tm-robot.com.cn\/de\/#logo"}},{"@type":"WebSite","@id":"https:\/\/www.tm-robot.com.cn\/de\/#website","url":"https:\/\/www.tm-robot.com.cn\/de\/","name":"Techman Robot","description":"Intelligent Cobots for a World of Applications","publisher":{"@id":"https:\/\/www.tm-robot.com.cn\/de\/#organization"},"potentialAction":[{"@type":"SearchAction","target":{"@type":"EntryPoint","urlTemplate":"https:\/\/www.tm-robot.com.cn\/de\/?s={search_term_string}"},"query-input":"required name=search_term_string"}],"inLanguage":"de-DE"},{"@type":"WebPage","@id":"https:\/\/www.tm-robot.com.cn\/de\/partnerbereich\/#webpage","url":"https:\/\/www.tm-robot.com.cn\/de\/partnerbereich\/","name":"Partnerbereich | Techman Robot","isPartOf":{"@id":"https:\/\/www.tm-robot.com.cn\/de\/#website"},"datePublished":"2018-07-06T06:33:14+00:00","dateModified":"2022-09-07T06:08:45+00:00","description":"Der Partnerbereich von Techman Robot ist f\u00fcr unsere Vertriebspartner und Gesch\u00e4ftspartner zug\u00e4nglich. Bitte kontaktieren Sie Ihr Techman Robot Vertriebsb\u00fcro, wenn Sie keine Berechtigung haben.","breadcrumb":{"@id":"https:\/\/www.tm-robot.com.cn\/de\/partnerbereich\/#breadcrumb"},"inLanguage":"de-DE","potentialAction":[{"@type":"ReadAction","target":["https:\/\/www.tm-robot.com.cn\/de\/partnerbereich\/"]}]},{"@type":"BreadcrumbList","@id":"https:\/\/www.tm-robot.com.cn\/de\/partnerbereich\/#breadcrumb","itemListElement":[{"@type":"ListItem","position":1,"name":"Home","item":"https:\/\/www.tm-robot.com.cn\/de\/"},{"@type":"ListItem","position":2,"name":"Partnerbereich"}]}]}},"_links":{"self":[{"href":"https:\/\/www.tm-robot.com.cn\/de\/wp-json\/wp\/v2\/pages\/49940"}],"collection":[{"href":"https:\/\/www.tm-robot.com.cn\/de\/wp-json\/wp\/v2\/pages"}],"about":[{"href":"https:\/\/www.tm-robot.com.cn\/de\/wp-json\/wp\/v2\/types\/page"}],"author":[{"embeddable":true,"href":"https:\/\/www.tm-robot.com.cn\/de\/wp-json\/wp\/v2\/users\/1"}],"replies":[{"embeddable":true,"href":"https:\/\/www.tm-robot.com.cn\/de\/wp-json\/wp\/v2\/comments?post=49940"}],"version-history":[{"count":0,"href":"https:\/\/www.tm-robot.com.cn\/de\/wp-json\/wp\/v2\/pages\/49940\/revisions"}],"wp:attachment":[{"href":"https:\/\/www.tm-robot.com.cn\/de\/wp-json\/wp\/v2\/media?parent=49940"}],"wp:term":[{"taxonomy":"wf_page_folders","embeddable":true,"href":"https:\/\/www.tm-robot.com.cn\/de\/wp-json\/wp\/v2\/wf_page_folders?post=49940"}],"curies":[{"name":"wp","href":"https:\/\/api.w.org\/{rel}","templated":true}]}}